{"id":127,"date":"2026-02-27T10:42:37","date_gmt":"2026-02-27T10:42:37","guid":{"rendered":"https:\/\/bruschettart.fr\/?page_id=127"},"modified":"2026-03-27T10:37:32","modified_gmt":"2026-03-27T10:37:32","slug":"bruschettart-vauvert","status":"publish","type":"page","link":"https:\/\/bruschettart.fr\/?page_id=127","title":{"rendered":"Carte Bruschett&rsquo;art Vauvert &#8211; Foodtruck salade et Bruschetta \u00e0 Vauvert"},"content":{"rendered":"<section class=\"bde-section-127-100 bde-section\">\n  \n  \n\t\n\n\n\n<div class=\"section-container\"><h1 class=\"bde-heading-127-281 bde-heading\">\nD\u00e9couvrez la carte de Bruschett'art\n<\/h1><h5 class=\"bde-heading-127-282 bde-heading\">\n Foodtruck Bruschetta  et salades \u00e0 Vauvert\n<\/h5><div class=\"bde-fancy-divider-127-283 bde-fancy-divider\">\n\n\n<div class=\"bde-fancy-divider__wrapper\">\n  <div class=\"bde-fancy-divider__separator   \">\n  \t  <\/div>\n<\/div>\n\n<\/div><h2 class=\"bde-heading-127-104 bde-heading\">\nNOS FORMULES \u00c0 COMPOSER\n<\/h2><div class=\"bde-columns-127-101 bde-columns\"><div class=\"bde-column-127-102 bde-column\">\n  \n  \n\t\n\n\n\n<div class=\"bde-div-127-109 bde-div\">\n  \n  \n\t\n\n\n\n<div class=\"bde-div-127-105 bde-div\">\n  \n  \n\t\n\n\n\n<h5 class=\"bde-heading-127-106 bde-heading\">\nPETITE SALADE\n<\/h5><div class=\"bde-text-127-108 bde-text\">\n7.50\u20ac\n<\/div>\n<\/div><div class=\"bde-text-127-107 bde-text\">\n1 base + 1 prot\u00e9ine + 2 garnitures + 1 touche finale + 1 vinaigrette\n<\/div>\n<\/div><div class=\"bde-div-127-120 bde-div\">\n  \n  \n\t\n\n\n\n<div class=\"bde-div-127-121 bde-div\">\n  \n  \n\t\n\n\n\n<h5 class=\"bde-heading-127-122 bde-heading\">\nPETITE SALADE\n<\/h5><div class=\"bde-text-127-123 bde-text\">\n10.50\u20ac\n<\/div>\n<\/div><div class=\"bde-text-127-124 bde-text\">\n+ boisson + dessert\n<\/div>\n<\/div><div class=\"bde-div-127-125 bde-div\">\n  \n  \n\t\n\n\n\n<div class=\"bde-div-127-126 bde-div\">\n  \n  \n\t\n\n\n\n<h5 class=\"bde-heading-127-127 bde-heading\">\nGRANDE SALADE\n<\/h5><div class=\"bde-text-127-128 bde-text\">\n12.00\u20ac\n<\/div>\n<\/div><div class=\"bde-text-127-129 bde-text\">\n1 base + 2 prot\u00e9ines + 5 garnitures + 1 touche finale + 1 vinaigrette\n<\/div>\n<\/div><div class=\"bde-div-127-130 bde-div\">\n  \n  \n\t\n\n\n\n<div class=\"bde-div-127-131 bde-div\">\n  \n  \n\t\n\n\n\n<h5 class=\"bde-heading-127-132 bde-heading\">\nGRANDE SALADE\n<\/h5><div class=\"bde-text-127-133 bde-text\">\n14.50\u20ac\n<\/div>\n<\/div><div class=\"bde-text-127-134 bde-text\">\n+ boisson + dessert\n<\/div>\n<\/div>\n<\/div><div class=\"bde-column-127-137 bde-column\">\n  \n  \n\t\n\n\n\n<h1 class=\"bde-heading-127-140 bde-heading\">\nComment composer ?\n<\/h1><div class=\"bde-columns-127-176 bde-columns\"><div class=\"bde-column-127-177 bde-column\">\n  \n  \n\t\n\n\n\n<div class=\"bde-div-127-141 bde-div\">\n  \n  \n\t\n\n\n\n<h5 class=\"bde-heading-127-143 bde-heading\">\n1. La base\n<\/h5><div class=\"bde-text-127-144 bde-text\">\n1 base + 1 prot\u00e9ine + 2 garnitures + touche finale + 1 vinaigrette\n<\/div>\n<\/div><div class=\"bde-div-127-145 bde-div\">\n  \n  \n\t\n\n\n\n<h5 class=\"bde-heading-127-146 bde-heading\">\n2 \u2022 Les prot\u00e9ines\n<\/h5><div class=\"bde-text-127-147 bde-text\">\n\u0152uf mollet \u2022 Thon cuit \u2022 Tenders de poulet \u00bb<br><br>Jambon cru \u2022 Jambon cuit *<br><br>Fromage (mozzarella, par esan, feta) \u2022<br><br>Beignets de choux fleur \u2022 Crevettes marin\u00e9es (+2\u20ac)\n<\/div>\n<\/div>\n<\/div><div class=\"bde-column-127-178 bde-column\">\n  \n  \n\t\n\n\n\n<div class=\"bde-div-127-148 bde-div\">\n  \n  \n\t\n\n\n\n<h5 class=\"bde-heading-127-149 bde-heading\">\n3 \u2022 La garniture\n<\/h5><div class=\"bde-text-127-150 bde-text\">\nTomates cerises \u2022 Tomates s\u00e9ch\u00e9es \u2022 Ma\u00efs \u2022 Carottes rap\u00e9es \u2022 Olives \u2022 Oignons rouges \u2022 Concombre \u2022 Betterave \u2022 Chou rouge \u2022 Avocat (+1\u20ac)\n<\/div>\n<\/div><div class=\"bde-div-127-151 bde-div\">\n  \n  \n\t\n\n\n\n<h5 class=\"bde-heading-127-152 bde-heading\">\n4. La touche finale\n<\/h5><div class=\"bde-text-127-153 bde-text\">\nCro\u00fbtons \u00e0 l'ail \u2022 Oignons frits \u2022 Graines de courge \u2022 C\u00e9bette \u2022 Coriandre \u2022 Pignons de pain (+1\u20ac)\n<\/div>\n<\/div><div class=\"bde-div-127-154 bde-div\">\n  \n  \n\t\n\n\n\n<h5 class=\"bde-heading-127-155 bde-heading\">\n5 \u2022 La vinaigrette\n<\/h5><div class=\"bde-text-127-156 bde-text\">\nLa Dijonette ou la Balsemia\n<\/div>\n<\/div>\n<\/div><\/div>\n<\/div><div class=\"bde-column-127-158 bde-column\">\n  \n  \n\t\n\n\n\n<h2 class=\"bde-heading-127-159 bde-heading\">\nComment composer ?\n<\/h2><div class=\"bde-div-127-160 bde-div\">\n  \n  \n\t\n\n\n\n<h5 class=\"bde-heading-127-161 bde-heading\">\n1. La base\n<\/h5><div class=\"bde-text-127-162 bde-text\">\n1 base + 1 prot\u00e9ine + 2 garnitures + touche finale + 1 vinaigrette\n<\/div>\n<\/div><div class=\"bde-div-127-163 bde-div\">\n  \n  \n\t\n\n\n\n<h5 class=\"bde-heading-127-164 bde-heading\">\n2 \u2022 Les prot\u00e9ines\n<\/h5><div class=\"bde-text-127-165 bde-text\">\n\u0152uf mollet \u2022 Thon cuit \u2022 Tenders de poulet \u00bb<br><br>Jambon cru \u2022 Jambon cui *<br><br>Fromage (mozzarella, par esan, feta) \u2022<br><br>Beignets de choux fleur \u2022 Crevettes marin\u00e9es (+2\u20ac)\n<\/div>\n<\/div><div class=\"bde-div-127-166 bde-div\">\n  \n  \n\t\n\n\n\n<h5 class=\"bde-heading-127-167 bde-heading\">\n3 \u2022 La garniture\n<\/h5><div class=\"bde-text-127-168 bde-text\">\nTomates cerises \u2022 Tomates s\u00e9ch\u00e9es \u2022 Ma\u00efs \u2022<br><br>Carottes rap\u00e9es \u2022 Olives \u2022 Oignons rouges \u2022<br><br>Concombre \u2022 Betterave \u2022 Chou rouge \u2022 Avocat (+1\u20ac)\n<\/div>\n<\/div><div class=\"bde-div-127-169 bde-div\">\n  \n  \n\t\n\n\n\n<h5 class=\"bde-heading-127-170 bde-heading\">\n4. La touche finale\n<\/h5><div class=\"bde-text-127-171 bde-text\">\nCro\u00fbtons \u00e0 l'ail \u2022 Oignons frits \u2022 Graines de courge \u2022<br><br>C\u00e9bette \u2022 Coriandre \u2022 Pignons de pain (+1\u20ac)\n<\/div>\n<\/div><div class=\"bde-div-127-172 bde-div\">\n  \n  \n\t\n\n\n\n<h5 class=\"bde-heading-127-173 bde-heading\">\n5 \u2022 La vinaigr\u00e9tte\n<\/h5><div class=\"bde-text-127-174 bde-text\">\nLa Dijonette ou la Balsemia\n<\/div>\n<\/div>\n<\/div><\/div><\/div>\n<\/section><section class=\"bde-section-127-284 bde-section\">\n  \n  \n\t\n\n\n\n<div class=\"section-container\"><div class=\"bde-div-127-353 bde-div\">\n  \n  \n\t\n\n\n\n<h2 class=\"bde-heading-127-285 bde-heading\">\nNOS BRUSCHETTAS\n<\/h2><div class=\"bde-text-127-352 bde-text\">\nPain fait maison <br>Suppl\u00e9ments : Fromage +1,50\u20ac \/ Prot\u00e9ine : +2,00\u20ac\n<\/div>\n<\/div><div class=\"bde-columns-127-286 bde-columns\"><div class=\"bde-column-127-310 bde-column\">\n  \n  \n\t\n\n\n\n<div class=\"bde-div-127-311 bde-div\">\n  \n  \n\t\n\n\n\n<div class=\"bde-div-127-312 bde-div\">\n  \n  \n\t\n\n\n\n<h5 class=\"bde-heading-127-313 bde-heading\">\nAVOCADO TOAST\n<\/h5><div class=\"bde-text-127-314 bde-text\">\n13,50\u20ac\n<\/div>\n<\/div><div class=\"bde-text-127-315 bde-text\">\nGuacamole, tomates cerises, oeuf mollet, crevettes marin\u00e9es, ail, persil, jus de citron\n<\/div>\n<\/div><div class=\"bde-div-127-316 bde-div\">\n  \n  \n\t\n\n\n\n<div class=\"bde-div-127-317 bde-div\">\n  \n  \n\t\n\n\n\n<h5 class=\"bde-heading-127-318 bde-heading\">\nLA CLASSIQUE\n<\/h5><div class=\"bde-text-127-319 bde-text\">\n12,00\u20ac\n<\/div>\n<\/div><div class=\"bde-text-127-320 bde-text\">\nSauce tomate, jambon cuit, oignons, mozzarella, oeuf mollet, herbes de provence, huile d'olive\n<\/div>\n<\/div><div class=\"bde-div-127-321 bde-div\">\n  \n  \n\t\n\n\n\n<div class=\"bde-div-127-322 bde-div\">\n  \n  \n\t\n\n\n\n<h5 class=\"bde-heading-127-323 bde-heading\">\nLA DOLCE VITA\n<\/h5><div class=\"bde-text-127-324 bde-text\">\n13,50\u20ac\n<\/div>\n<\/div><div class=\"bde-text-127-325 bde-text\">\nPesto, jambon cru, tomates s\u00e9ch\u00e9es, mozzarella, parmesan, roquette, graines de courge, huile d'olive\n<\/div>\n<\/div><div class=\"bde-div-127-326 bde-div\">\n  \n  \n\t\n\n\n\n<div class=\"bde-div-127-327 bde-div\">\n  \n  \n\t\n\n\n\n<h5 class=\"bde-heading-127-328 bde-heading\">\nLA PRIMAVERA\n<\/h5><div class=\"bde-text-127-329 bde-text\">\n11,50\u20ac\n<\/div>\n<\/div><div class=\"bde-text-127-330 bde-text\">\nSauce tomate, tomates s\u00e9ch\u00e9es, mozzarella, burrata, courgette, carotte, poivron, oignons, roquette, jus de citron, herbes de provence, huile d'olive\n<\/div>\n<\/div>\n<\/div><div class=\"bde-column-127-331 bde-column\">\n  \n  \n\t\n\n\n\n<div class=\"bde-div-127-332 bde-div\">\n  \n  \n\t\n\n\n\n<div class=\"bde-div-127-333 bde-div\">\n  \n  \n\t\n\n\n\n<h5 class=\"bde-heading-127-334 bde-heading\">\nLA CARNIVORE\n<\/h5><div class=\"bde-text-127-335 bde-text\">\n13,00\u20ac\n<\/div>\n<\/div><div class=\"bde-text-127-336 bde-text\">\nSauce tomate, viande hach\u00e9e, confit d'oignons, cheddar, oeuf, mozzarella, pomme de terre, herbes de provence, huile d'olive\n<\/div>\n<\/div><div class=\"bde-div-127-337 bde-div\">\n  \n  \n\t\n\n\n\n<div class=\"bde-div-127-338 bde-div\">\n  \n  \n\t\n\n\n\n<h5 class=\"bde-heading-127-339 bde-heading\">\nLA BIQUETTE\n<\/h5><div class=\"bde-text-127-340 bde-text\">\n12,00\u20ac\n<\/div>\n<\/div><div class=\"bde-text-127-341 bde-text\">\nCr\u00e8me fraiche, jambon cru, ch\u00e8vre, mozzarella, confit d'oignons, pignons de pain, roquette, herbes de provence, huile d'olive, balsamique\n<\/div>\n<\/div><div class=\"bde-div-127-342 bde-div\">\n  \n  \n\t\n\n\n\n<div class=\"bde-div-127-343 bde-div\">\n  \n  \n\t\n\n\n\n<h5 class=\"bde-heading-127-344 bde-heading\">\nLA FROMAG\u00c8RE\n<\/h5><div class=\"bde-text-127-345 bde-text\">\n13,50\u20ac\n<\/div>\n<\/div><div class=\"bde-text-127-346 bde-text\">\nSauce tomate, fromage de ch\u00e8vre, mozzarella, gorgonzola, pignons de pain, herbes de provence, huile d'olive\n<\/div>\n<\/div><div class=\"bde-div-127-347 bde-div\">\n  \n  \n\t\n\n\n\n<div class=\"bde-div-127-348 bde-div\">\n  \n  \n\t\n\n\n\n<h5 class=\"bde-heading-127-349 bde-heading\">\nLA MONTAGNARDE\n<\/h5><div class=\"bde-text-127-350 bde-text\">\n11,50\u20ac\n<\/div>\n<\/div><div class=\"bde-text-127-351 bde-text\">\nCr\u00e8me fraiche, lardons, oignons, pomme de terre, reblochon, mozzarella\n<\/div>\n<\/div>\n<\/div><\/div><\/div>\n<\/section><section class=\"bde-section-127-179 bde-section\">\n  \n  \n\t\n\n\n\n<div class=\"section-container\"><h2 class=\"bde-heading-127-180 bde-heading\">\nNOS SALADES\n<\/h2><div class=\"bde-columns-127-181 bde-columns\"><div class=\"bde-column-127-182 bde-column\">\n  \n  \n\t\n\n\n\n<div class=\"bde-div-127-184 bde-div\">\n  \n  \n\t\n\n\n\n<div class=\"bde-div-127-185 bde-div\">\n  \n  \n\t\n\n\n\n<h5 class=\"bde-heading-127-186 bde-heading\">\nLA PRINTANI\u00c8RE\n<\/h5><div class=\"bde-text-127-187 bde-text\">\n8.50\u20ac\n<\/div>\n<\/div><div class=\"bde-text-127-188 bde-text\">\nLaitue, tomates cerises, betterave, carottes r\u00e2p\u00e9es, oignons rouges, thon cuit, ouf mollet, cro\u00fbtons \u00e0 l'ail\n<\/div>\n<\/div><div class=\"bde-div-127-189 bde-div\">\n  \n  \n\t\n\n\n\n<div class=\"bde-div-127-190 bde-div\">\n  \n  \n\t\n\n\n\n<h5 class=\"bde-heading-127-191 bde-heading\">\nLA CIAO BELLA\n<\/h5><div class=\"bde-text-127-192 bde-text\">\n8.50\u20ac\n<\/div>\n<\/div><div class=\"bde-text-127-193 bde-text\">\nP\u00e2te (tortillons), tomates cerises, feta, jambon cru, olives noires, oignons rouges, cro\u00fbtons \u00e0 l'ail, basilic, pesto\n<\/div>\n<\/div><div class=\"bde-div-127-194 bde-div\">\n  \n  \n\t\n\n\n\n<div class=\"bde-div-127-195 bde-div\">\n  \n  \n\t\n\n\n\n<h5 class=\"bde-heading-127-196 bde-heading\">\nLA SALADE FRA\u00ceCHEUR (\u00e9t\u00e9)\n<\/h5><div class=\"bde-text-127-197 bde-text\">\n8.50\u20ac\n<\/div>\n<\/div><div class=\"bde-text-127-198 bde-text\">\nMelon, jambon cru, feta, basilic\n<\/div>\n<\/div>\n<\/div><div class=\"bde-column-127-183 bde-column\">\n  \n  \n\t\n\n\n\n<div class=\"bde-div-127-200 bde-div\">\n  \n  \n\t\n\n\n\n<h3 class=\"bde-heading-127-199 bde-heading\">\nNos vinaigrettes\n<\/h3><div class=\"bde-div-127-272 bde-div\">\n  \n  \n\t\n\n\n\n<h5 class=\"bde-heading-127-201 bde-heading\">\nLa Dijonette\n<\/h5><div class=\"bde-icon-127-273 bde-icon\">\n\n    \n            <div class=\"bde-icon-icon breakdance-icon-atom\" >\n    \n                    <svg xmlns=\"http:\/\/www.w3.org\/2000\/svg\" id=\"icon-home\" viewBox=\"0 0 32 32\">\n<path d=\"M32 18.451l-16-12.42-16 12.42v-5.064l16-12.42 16 12.42zM28 18v12h-8v-8h-8v8h-8v-12l12-9z\"\/>\n<\/svg>\n        \n        \n        \n            <\/div>\n    \n\n\n<\/div>\n<\/div><div class=\"bde-text-127-202 bde-text\">\nMoutarde, huile d'olive, huile de tournesol, vinaigre de vin, sel, poivre\n<\/div><div class=\"bde-div-127-275 bde-div\">\n  \n  \n\t\n\n\n\n<h5 class=\"bde-heading-127-276 bde-heading\">\nLa Balsemia\n<\/h5><div class=\"bde-icon-127-277 bde-icon\">\n\n    \n            <div class=\"bde-icon-icon breakdance-icon-atom\" >\n    \n                    <svg xmlns=\"http:\/\/www.w3.org\/2000\/svg\" id=\"icon-home\" viewBox=\"0 0 32 32\">\n<path d=\"M32 18.451l-16-12.42-16 12.42v-5.064l16-12.42 16 12.42zM28 18v12h-8v-8h-8v8h-8v-12l12-9z\"\/>\n<\/svg>\n        \n        \n        \n            <\/div>\n    \n\n\n<\/div>\n<\/div><div class=\"bde-text-127-205 bde-text\">\nVinaigre balsamique, jus de citron, huile d'olive, sel, poivre\n<\/div>\n<\/div><div class=\"bde-div-127-203 bde-div\">\n  \n  \n\t\n\n\n\n<h3 class=\"bde-heading-127-209 bde-heading\">\nNos sauces\n<\/h3><div class=\"bde-div-127-278 bde-div\">\n  \n  \n\t\n\n\n\n<h5 class=\"bde-heading-127-279 bde-heading\">\nL'Aillonnaise\n<\/h5><div class=\"bde-icon-127-280 bde-icon\">\n\n    \n            <div class=\"bde-icon-icon breakdance-icon-atom\" >\n    \n                    <svg xmlns=\"http:\/\/www.w3.org\/2000\/svg\" id=\"icon-home\" viewBox=\"0 0 32 32\">\n<path d=\"M32 18.451l-16-12.42-16 12.42v-5.064l16-12.42 16 12.42zM28 18v12h-8v-8h-8v8h-8v-12l12-9z\"\/>\n<\/svg>\n        \n        \n        \n            <\/div>\n    \n\n\n<\/div>\n<\/div><div class=\"bde-text-127-211 bde-text\">\nMayonnaise, ail, ciboulette, persil, cr\u00e8me fra\u00eeche, jus de citron\n<\/div><h5 class=\"bde-heading-127-213 bde-heading\">\nLes Classiques\n<\/h5><div class=\"bde-text-127-212 bde-text\">\nKetchup, mayonnaise, moutarde\n<\/div>\n<\/div>\n<\/div><\/div><\/div>\n<\/section><section class=\"bde-section-127-214 bde-section\">\n  \n  \n\t\n\n\n\n<div class=\"section-container\"><h3 class=\"bde-heading-127-215 bde-heading\">\nET POURQUOI PAS....\n<\/h3><div class=\"bde-columns-127-216 bde-columns\"><div class=\"bde-column-127-217 bde-column\">\n  \n  \n\t\n\n\n\n<div class=\"bde-div-127-218 bde-div\">\n  \n  \n\t\n\n\n\n<h4 class=\"bde-heading-127-251 bde-heading\">\nLes indispensables\n<\/h4><div class=\"bde-div-127-219 bde-div\">\n  \n  \n\t\n\n\n\n<h5 class=\"bde-heading-127-220 bde-heading\">\nCubes de pommes de terre fra\u00eeches\n<\/h5><div class=\"bde-text-127-221 bde-text\">\n3.50\u20ac\n<\/div>\n<\/div>\n<\/div><div class=\"bde-div-127-223 bde-div\">\n  \n  \n\t\n\n\n\n<div class=\"bde-div-127-224 bde-div\">\n  \n  \n\t\n\n\n\n<h5 class=\"bde-heading-127-225 bde-heading\">\nPetite salade verte\n<\/h5><div class=\"bde-text-127-226 bde-text\">\n2.00\u20ac\n<\/div>\n<\/div><div class=\"bde-div-127-252 bde-div\">\n  \n  \n\t\n\n\n\n<h5 class=\"bde-heading-127-253 bde-heading\">\nSoupe de l\u00e9gumes (hiver)\n<\/h5><div class=\"bde-text-127-254 bde-text\">\n2.00\u20ac\n<\/div>\n<\/div>\n<\/div>\n<\/div><div class=\"bde-column-127-233 bde-column\">\n  \n  \n\t\n\n\n\n<div class=\"bde-div-127-255 bde-div\">\n  \n  \n\t\n\n\n\n<h4 class=\"bde-heading-127-256 bde-heading\">\nLes Petites Folies\n<\/h4><div class=\"bde-div-127-257 bde-div\">\n  \n  \n\t\n\n\n\n<h5 class=\"bde-heading-127-258 bde-heading\">\nPommes de terres cubes au cheddar & oignons frits\n<\/h5><div class=\"bde-text-127-259 bde-text\">\n4.50\u20ac\n<\/div>\n<\/div><div class=\"bde-div-127-260 bde-div\">\n  \n  \n\t\n\n\n\n<h5 class=\"bde-heading-127-261 bde-heading\">\nGuacamole et ses toasts\n<\/h5><div class=\"bde-text-127-262 bde-text\">\n4.50\u20ac\n<\/div>\n<\/div><div class=\"bde-div-127-263 bde-div\">\n  \n  \n\t\n\n\n\n<h5 class=\"bde-heading-127-264 bde-heading\">\nSticks mozza (x6)\n<\/h5><div class=\"bde-text-127-265 bde-text\">\n4.50\u20ac\n<\/div>\n<\/div><div class=\"bde-div-127-266 bde-div\">\n  \n  \n\t\n\n\n\n<h5 class=\"bde-heading-127-267 bde-heading\">\nTenders de poulet (x4)\n<\/h5><div class=\"bde-text-127-268 bde-text\">\n5.50\u20ac\n<\/div>\n<\/div><div class=\"bde-div-127-269 bde-div\">\n  \n  \n\t\n\n\n\n<h5 class=\"bde-heading-127-270 bde-heading\">\nBeignets de chou fleur (x6)\n<\/h5><div class=\"bde-text-127-271 bde-text\">\n4.50\u20ac\n<\/div>\n<\/div>\n<\/div>\n<\/div><\/div><\/div>\n<\/section><section class=\"bde-section-127-354 bde-section\">\n  \n  \n\t\n\n\n\n<div class=\"section-container\"><div class=\"bde-columns-127-355 bde-columns\"><div class=\"bde-column-127-358 bde-column\">\n  \n  \n\t\n\n\n\n<div class=\"bde-div-127-359 bde-div\">\n  \n  \n\t\n\n\n\n<div class=\"bde-div-127-375 bde-div\">\n  \n  \n\t\n\n\n\n<h5 class=\"bde-heading-127-360 bde-heading\">\nFormule Bruschetta\n<\/h5><div class=\"bde-text-127-377 bde-text\">\n13,50\u20ac\n<\/div>\n<\/div><div class=\"bde-text-127-361 bde-text\">\nBruschetta au choix + boisson + dessert\n<\/div>\n<\/div><div class=\"bde-div-127-378 bde-div\">\n  \n  \n\t\n\n\n\n<div class=\"bde-div-127-379 bde-div\">\n  \n  \n\t\n\n\n\n<h5 class=\"bde-heading-127-380 bde-heading\">\nLe petit gourmand\n<\/h5><div class=\"bde-text-127-381 bde-text\">\n8,50\u20ac\n<\/div>\n<\/div><div class=\"bde-text-127-382 bde-text\">\n1\/2 Bruschetta ( jambon et mozzarella )<br>+ jus de fruits + yaourt \u00e0 boire \n<\/div>\n<\/div>\n<\/div><div class=\"bde-column-127-365 bde-column\">\n  \n  \n\t\n\n\n\n<div class=\"bde-div-127-366 bde-div\">\n  \n  \n\t\n\n\n\n<h5 class=\"bde-heading-127-367 bde-heading\">\nLes Petites Douceurs\n<\/h5><div class=\"bde-text-127-368 bde-text\">\n\n<\/div><div class=\"bde-div-127-383 bde-div\">\n  \n  \n\t\n\n\n\n<h5 class=\"bde-heading-127-384 bde-heading\">\nSalade de fruits de saison \n<\/h5><div class=\"bde-text-127-385 bde-text\">\n4,00\u20ac\n<\/div>\n<\/div><div class=\"bde-div-127-386 bde-div\">\n  \n  \n\t\n\n\n\n<h5 class=\"bde-heading-127-387 bde-heading\">\nPanacotta aux \u00e9clats de Daim\n<\/h5><div class=\"bde-text-127-388 bde-text\">\n5,00\u20ac\n<\/div>\n<\/div><div class=\"bde-div-127-389 bde-div\">\n  \n  \n\t\n\n\n\n<h5 class=\"bde-heading-127-390 bde-heading\">\nBruschetta sucr\u00e9e\n<\/h5><div class=\"bde-text-127-391 bde-text\">\n7,00\u20ac\n<\/div>\n<\/div><div class=\"bde-text-127-392 bde-text\">\nNutella, banane; coco rap\u00e9e, \u00e9clats de noisettes\n<\/div>\n<\/div><div class=\"bde-div-127-369 bde-div\">\n  \n  \n\t\n\n\n\n<h5 class=\"bde-heading-127-370 bde-heading\">\nLes Rafraichissements\n<\/h5><div class=\"bde-text-127-371 bde-text\">\n\n<\/div><div class=\"bde-div-127-393 bde-div\">\n  \n  \n\t\n\n\n\n<h5 class=\"bde-heading-127-394 bde-heading\">\nSmoothie\n<\/h5><div class=\"bde-text-127-402 bde-text\">\n( \u00e9t\u00e9 - nous consulter )\n<\/div><div class=\"bde-text-127-395 bde-text\">\n6.50\u20ac\n<\/div>\n<\/div><div class=\"bde-div-127-396 bde-div\">\n  \n  \n\t\n\n\n\n<h5 class=\"bde-heading-127-397 bde-heading\">\nJus de fruits\n<\/h5><div class=\"bde-text-127-403 bde-text\">\n25cl \n<\/div><div class=\"bde-text-127-398 bde-text\">\n4,00\u20ac\n<\/div>\n<\/div><div class=\"bde-div-127-399 bde-div\">\n  \n  \n\t\n\n\n\n<h5 class=\"bde-heading-127-400 bde-heading\">\nSan pellegrino - Eau plate\n<\/h5><div class=\"bde-text-127-404 bde-text\">\n50cl\n<\/div><div class=\"bde-text-127-401 bde-text\">\n4,00\u20ac\n<\/div>\n<\/div>\n<\/div>\n<\/div><\/div><\/div>\n<\/section>","protected":false},"excerpt":{"rendered":"<p>D\u00e9couvrez la carte de Bruschett&rsquo;art Foodtruck Bruschetta et salades \u00e0 Vauvert NOS FORMULES \u00c0 COMPOSER PETITE SALADE 7.50\u20ac 1 base + 1 prot\u00e9ine + 2 garnitures + 1 touche finale + 1 vinaigrette PETITE SALADE 10.50\u20ac + boisson + dessert GRANDE SALADE 12.00\u20ac 1 base + 2 prot\u00e9ines + 5 garnitures + 1 touche finale [&hellip;]<\/p>\n","protected":false},"author":1,"featured_media":0,"parent":0,"menu_order":0,"comment_status":"closed","ping_status":"closed","template":"","meta":{"_breakdance_hide_in_design_set":false,"_breakdance_tags":"","footnotes":""},"class_list":["post-127","page","type-page","status-publish","hentry"],"_hostinger_reach_plugin_has_subscription_block":false,"_hostinger_reach_plugin_is_elementor":false,"_links":{"self":[{"href":"https:\/\/bruschettart.fr\/index.php?rest_route=\/wp\/v2\/pages\/127","targetHints":{"allow":["GET"]}}],"collection":[{"href":"https:\/\/bruschettart.fr\/index.php?rest_route=\/wp\/v2\/pages"}],"about":[{"href":"https:\/\/bruschettart.fr\/index.php?rest_route=\/wp\/v2\/types\/page"}],"author":[{"embeddable":true,"href":"https:\/\/bruschettart.fr\/index.php?rest_route=\/wp\/v2\/users\/1"}],"replies":[{"embeddable":true,"href":"https:\/\/bruschettart.fr\/index.php?rest_route=%2Fwp%2Fv2%2Fcomments&post=127"}],"version-history":[{"count":41,"href":"https:\/\/bruschettart.fr\/index.php?rest_route=\/wp\/v2\/pages\/127\/revisions"}],"predecessor-version":[{"id":287,"href":"https:\/\/bruschettart.fr\/index.php?rest_route=\/wp\/v2\/pages\/127\/revisions\/287"}],"wp:attachment":[{"href":"https:\/\/bruschettart.fr\/index.php?rest_route=%2Fwp%2Fv2%2Fmedia&parent=127"}],"curies":[{"name":"wp","href":"https:\/\/api.w.org\/{rel}","templated":true}]}}